{"id":1891,"date":"2025-07-27T14:32:51","date_gmt":"2025-07-27T14:32:51","guid":{"rendered":"https:\/\/www.analizkentseldonusum.com\/?page_id=1891"},"modified":"2025-07-28T15:56:13","modified_gmt":"2025-07-28T15:56:13","slug":"hakkimizda","status":"publish","type":"page","link":"https:\/\/www.analizkentseldonusum.com\/index.php\/hakkimizda\/","title":{"rendered":"Hakk\u0131m\u0131zda"},"content":{"rendered":"<p><strong>A<\/strong><img fetchpriority=\"high\" decoding=\"async\" class=\"size-full wp-image-2020 alignright\" src=\"https:\/\/www.analizkentseldonusum.com\/wp-content\/uploads\/2025\/07\/haci-surmeneli-285x300-1.jpeg\" alt=\"\" width=\"285\" height=\"300\" \/><strong>naliz Kentsel D\u00f6n\u00fc\u015f\u00fcm<\/strong>, sekt\u00f6rdeki en son teknoloji ve kalite standartlar\u0131n\u0131 takip ederek, modern ve konforlu ya\u015fam alanlar\u0131 \u00fcretirken ayn\u0131 zamanda sporcular\u0131n ve sporseverlerin keyifli vakit ge\u00e7irebilece\u011fi, standartlara uygun ve g\u00fcvenli alanlar \u00fcretmektedir.<\/p>\n<p>Ayr\u0131ca, \u201cYapay G\u00fcn I\u015f\u0131\u011f\u0131\u201d sistemini \u00fcreten d\u00fcnyada \u00fc\u00e7\u00fcnc\u00fc, T\u00fcrkiye\u2019de ise ilk yerli firma olma \u00f6zelli\u011fine sahibiz. Yurt i\u00e7inde ve d\u0131\u015f\u0131nda tamamlam\u0131\u015f oldu\u011fumuz pek \u00e7ok projemiz bulunmaktad\u0131r.<\/p>\n<p>\u00c7eyrek y\u00fczy\u0131ldan fazla s\u00fcren deneyim ve uzmanl\u0131kla, d\u00fcnya genelinde bir\u00e7ok ba\u015far\u0131l\u0131 proje ger\u00e7ekle\u015ftirmi\u015f bulunmaktay\u0131z. Her ihtiyaca g\u00f6re sizlere en iyi hizmeti vermeye gayret ediyor ve memnuniyetiniz i\u00e7in kalite standartlar\u0131ndan \u00f6d\u00fcn vermiyoruz. Alan\u0131nda uzman, mimar, in\u015faat m\u00fchendisi, peyzaj mimar\u0131 ve in\u015faat teknikeri \u00e7al\u0131\u015fan kadromuzla faaliyetlerimize devam ediyor, projelerimizin ba\u015far\u0131s\u0131 ad\u0131na \u00e7al\u0131\u015fmalar\u0131m\u0131z\u0131 ger\u00e7ekle\u015ftiriyoruz.<\/p>\n<p><strong>Analiz Kentsel D\u00f6n\u00fc\u015f\u00fcm<\/strong>, Proje ve imalatlar\u0131n\u0131, deprem y\u00f6netmeliklerine uygun olarak dayan\u0131kl\u0131, kaliteli, estetik, modern ve ihtiya\u00e7lara cevap veren projeler in\u015fa etmektedir.<\/p>\n<p><strong>Analiz Kentsel D\u00f6n\u00fc\u015f\u00fcm<\/strong>, her zaman en iyi kalite ve markalar\u0131 siz de\u011ferli m\u00fc\u015fterilerine sunarak ve fiyat politikalar\u0131nda da en uygun avantaj\u0131 sa\u011flayarak sizlere 30 y\u0131ld\u0131r sekt\u00f6rde \u00f6nc\u00fc firma olarak hizmet vermektedir.<\/p>\n<p><strong>Analiz Kentsel D\u00f6n\u00fc\u015f\u00fcm<\/strong>, Sekt\u00f6rdeki bilgi, beceri ve tecr\u00fcbelerimizle %100 m\u00fc\u015fteri memnuniyeti prensibimizle siz de\u011ferli m\u00fc\u015fterilerimize en iyi hizmeti sunmak \u00f6ncelikli hedefimizdir.<\/p>\n<p><strong>Analiz Kentsel D\u00f6n\u00fc\u015f\u00fcm<\/strong>, modern ve kullan\u0131\u015fl\u0131 ya\u015fam alanlar\u0131 \u00fcretmenin yan\u0131nda spor sekt\u00f6r\u00fcne y\u00f6nelik yap\u0131 ve tesislerin in\u015faatlar\u0131nda bir dizi projelere imza atm\u0131\u015ft\u0131r. Analiz Kentsel D\u00f6n\u00fc\u015f\u00fcm, modern ya\u015fam alanlar\u0131 projelerinle birlikte spor mekanlar\u0131 yap\u0131m\u0131nda sekt\u00f6rdeki lider firmad\u0131r. Bu uzmanl\u0131\u011f\u0131n\u0131n ve profesyonelli\u011finin g\u00f6stergesi, ger\u00e7ekle\u015ftirdi\u011fi ba\u015far\u0131l\u0131 tesis ve yap\u0131lard\u0131r.<\/p>\n<p>Bitirdi\u011fimiz projeleri g\u00f6rmek i\u00e7in\u00a0<a href=\"https:\/\/www.analizkentseldonusum.com\/index.php\/referanslar\/\"><strong>TIKLAYINIZ.<\/strong><\/a><\/p>\n","protected":false},"excerpt":{"rendered":"<p>Analiz Kentsel D\u00f6n\u00fc\u015f\u00fcm, sekt\u00f6rdeki en son teknoloji ve kalite standartlar\u0131n\u0131 takip ederek, modern ve konforlu ya\u015fam alanlar\u0131 \u00fcretirken ayn\u0131 zamanda sporcular\u0131n ve sporseverlerin keyifli vakit ge\u00e7irebilece\u011fi, standartlara uygun ve g\u00fcvenli alanlar \u00fcretmektedir. Ayr\u0131ca, \u201cYapay G\u00fcn I\u015f\u0131\u011f\u0131\u201d sistemini \u00fcreten d\u00fcnyada \u00fc\u00e7\u00fcnc\u00fc, T\u00fcrkiye\u2019de ise ilk yerli firma olma \u00f6zelli\u011fine sahibiz. Yurt i\u00e7inde ve d\u0131\u015f\u0131nda tamamlam\u0131\u015f oldu\u011fumuz pek \u00e7ok projemiz bulunmaktad\u0131r. \u00c7eyrek y\u00fczy\u0131ldan fazla s\u00fcren deneyim ve uzmanl\u0131kla, d\u00fcnya genelinde bir\u00e7ok ba\u015far\u0131l\u0131 proje ger\u00e7ekle\u015ftirmi\u015f bulunmaktay\u0131z. Her ihtiyaca g\u00f6re sizlere en iyi hizmeti vermeye gayret ediyor ve memnuniyetiniz i\u00e7in kalite standartlar\u0131ndan \u00f6d\u00fcn vermiyoruz. Alan\u0131nda uzman, mimar, in\u015faat m\u00fchendisi, peyzaj mimar\u0131 ve in\u015faat teknikeri \u00e7al\u0131\u015fan&#8230; <\/p>\n","protected":false},"author":1,"featured_media":0,"parent":0,"menu_order":0,"comment_status":"closed","ping_status":"closed","template":"template-parts\/template-full-width.php","meta":{"_joinchat":[],"footnotes":""},"class_list":["post-1891","page","type-page","status-publish","hentry"],"_links":{"self":[{"href":"https:\/\/www.analizkentseldonusum.com\/index.php\/wp-json\/wp\/v2\/pages\/1891","targetHints":{"allow":["GET"]}}],"collection":[{"href":"https:\/\/www.analizkentseldonusum.com\/index.php\/wp-json\/wp\/v2\/pages"}],"about":[{"href":"https:\/\/www.analizkentseldonusum.com\/index.php\/wp-json\/wp\/v2\/types\/page"}],"author":[{"embeddable":true,"href":"https:\/\/www.analizkentseldonusum.com\/index.php\/wp-json\/wp\/v2\/users\/1"}],"replies":[{"embeddable":true,"href":"https:\/\/www.analizkentseldonusum.com\/index.php\/wp-json\/wp\/v2\/comments?post=1891"}],"version-history":[{"count":5,"href":"https:\/\/www.analizkentseldonusum.com\/index.php\/wp-json\/wp\/v2\/pages\/1891\/revisions"}],"predecessor-version":[{"id":2021,"href":"https:\/\/www.analizkentseldonusum.com\/index.php\/wp-json\/wp\/v2\/pages\/1891\/revisions\/2021"}],"wp:attachment":[{"href":"https:\/\/www.analizkentseldonusum.com\/index.php\/wp-json\/wp\/v2\/media?parent=1891"}],"curies":[{"name":"wp","href":"https:\/\/api.w.org\/{rel}","templated":true}]}}