{"id":1892,"date":"2025-07-27T14:32:51","date_gmt":"2025-07-27T14:32:51","guid":{"rendered":"https:\/\/www.analizkentseldonusum.com\/?page_id=1892"},"modified":"2025-07-28T14:55:57","modified_gmt":"2025-07-28T14:55:57","slug":"vizyon-misyon","status":"publish","type":"page","link":"https:\/\/www.analizkentseldonusum.com\/index.php\/vizyon-misyon\/","title":{"rendered":"Vizyon-Misyon"},"content":{"rendered":"<p><strong>Misyonumuz:<\/strong><\/p>\n<p><strong><img fetchpriority=\"high\" decoding=\"async\" class=\"size-medium wp-image-108 alignright\" src=\"https:\/\/www.analizspor.com.tr\/wp-content\/uploads\/2024\/05\/zirve-300x200.jpg\" alt=\"\" width=\"300\" height=\"200\" \/><\/strong>Uzmanl\u0131k ve tecr\u00fcbelerimiz ile; en kullan\u0131\u015fl\u0131 ve g\u00fcvenli ya\u015fam alanlar\u0131 ve spor mekanlar\u0131 in\u015fa etmek.<\/p>\n<p><strong>\u00a0<\/strong><strong>Vizyonumuz:<\/strong><\/p>\n<p>Firmam\u0131z taraf\u0131ndan verilen t\u00fcm taahh\u00fctleri, harfiyen yerine getirerek m\u00fc\u015fterilerimize samimi, g\u00fcvenilir, profesyonel hizmet sunmak.<\/p>\n","protected":false},"excerpt":{"rendered":"<p>Misyonumuz: Uzmanl\u0131k ve tecr\u00fcbelerimiz ile; en kullan\u0131\u015fl\u0131 ve g\u00fcvenli ya\u015fam alanlar\u0131 ve spor mekanlar\u0131 in\u015fa etmek. \u00a0Vizyonumuz: Firmam\u0131z taraf\u0131ndan verilen t\u00fcm taahh\u00fctleri, harfiyen yerine getirerek m\u00fc\u015fterilerimize samimi, g\u00fcvenilir, profesyonel hizmet sunmak.<\/p>\n","protected":false},"author":1,"featured_media":0,"parent":0,"menu_order":0,"comment_status":"closed","ping_status":"closed","template":"template-parts\/template-full-width.php","meta":{"_joinchat":[],"footnotes":""},"class_list":["post-1892","page","type-page","status-publish","hentry"],"_links":{"self":[{"href":"https:\/\/www.analizkentseldonusum.com\/index.php\/wp-json\/wp\/v2\/pages\/1892","targetHints":{"allow":["GET"]}}],"collection":[{"href":"https:\/\/www.analizkentseldonusum.com\/index.php\/wp-json\/wp\/v2\/pages"}],"about":[{"href":"https:\/\/www.analizkentseldonusum.com\/index.php\/wp-json\/wp\/v2\/types\/page"}],"author":[{"embeddable":true,"href":"https:\/\/www.analizkentseldonusum.com\/index.php\/wp-json\/wp\/v2\/users\/1"}],"replies":[{"embeddable":true,"href":"https:\/\/www.analizkentseldonusum.com\/index.php\/wp-json\/wp\/v2\/comments?post=1892"}],"version-history":[{"count":3,"href":"https:\/\/www.analizkentseldonusum.com\/index.php\/wp-json\/wp\/v2\/pages\/1892\/revisions"}],"predecessor-version":[{"id":2017,"href":"https:\/\/www.analizkentseldonusum.com\/index.php\/wp-json\/wp\/v2\/pages\/1892\/revisions\/2017"}],"wp:attachment":[{"href":"https:\/\/www.analizkentseldonusum.com\/index.php\/wp-json\/wp\/v2\/media?parent=1892"}],"curies":[{"name":"wp","href":"https:\/\/api.w.org\/{rel}","templated":true}]}}