{"id":1893,"date":"2025-07-27T14:32:51","date_gmt":"2025-07-27T14:32:51","guid":{"rendered":"https:\/\/www.analizkentseldonusum.com\/?page_id=1893"},"modified":"2025-07-27T14:48:36","modified_gmt":"2025-07-27T14:48:36","slug":"degerlerimiz","status":"publish","type":"page","link":"https:\/\/www.analizkentseldonusum.com\/index.php\/degerlerimiz\/","title":{"rendered":"De\u011ferlerimiz"},"content":{"rendered":"<ul>\n<li>G\u00fcvenilirlik<\/li>\n<li>D\u00fcr\u00fcstl\u00fck<\/li>\n<li>\u015eeffafl\u0131k<\/li>\n<li>M\u00fckemmeliyet<\/li>\n<li>Kar\u015f\u0131l\u0131kl\u0131 Sayg\u0131 ve Sevgi<\/li>\n<li>Sorumluluk<\/li>\n<li>Adalet<\/li>\n<li>Rekabet<\/li>\n<\/ul>\n","protected":false},"excerpt":{"rendered":"<p>G\u00fcvenilirlik D\u00fcr\u00fcstl\u00fck \u015eeffafl\u0131k M\u00fckemmeliyet Kar\u015f\u0131l\u0131kl\u0131 Sayg\u0131 ve Sevgi Sorumluluk Adalet Rekabet<\/p>\n","protected":false},"author":1,"featured_media":0,"parent":0,"menu_order":0,"comment_status":"closed","ping_status":"closed","template":"template-parts\/template-full-width.php","meta":{"_joinchat":[],"footnotes":""},"class_list":["post-1893","page","type-page","status-publish","hentry"],"_links":{"self":[{"href":"https:\/\/www.analizkentseldonusum.com\/index.php\/wp-json\/wp\/v2\/pages\/1893","targetHints":{"allow":["GET"]}}],"collection":[{"href":"https:\/\/www.analizkentseldonusum.com\/index.php\/wp-json\/wp\/v2\/pages"}],"about":[{"href":"https:\/\/www.analizkentseldonusum.com\/index.php\/wp-json\/wp\/v2\/types\/page"}],"author":[{"embeddable":true,"href":"https:\/\/www.analizkentseldonusum.com\/index.php\/wp-json\/wp\/v2\/users\/1"}],"replies":[{"embeddable":true,"href":"https:\/\/www.analizkentseldonusum.com\/index.php\/wp-json\/wp\/v2\/comments?post=1893"}],"version-history":[{"count":2,"href":"https:\/\/www.analizkentseldonusum.com\/index.php\/wp-json\/wp\/v2\/pages\/1893\/revisions"}],"predecessor-version":[{"id":1946,"href":"https:\/\/www.analizkentseldonusum.com\/index.php\/wp-json\/wp\/v2\/pages\/1893\/revisions\/1946"}],"wp:attachment":[{"href":"https:\/\/www.analizkentseldonusum.com\/index.php\/wp-json\/wp\/v2\/media?parent=1893"}],"curies":[{"name":"wp","href":"https:\/\/api.w.org\/{rel}","templated":true}]}}