{"id":1895,"date":"2025-07-27T14:32:51","date_gmt":"2025-07-27T14:32:51","guid":{"rendered":"https:\/\/www.analizkentseldonusum.com\/?page_id=1895"},"modified":"2025-07-28T14:50:48","modified_gmt":"2025-07-28T14:50:48","slug":"insaat-taahhut","status":"publish","type":"page","link":"https:\/\/www.analizkentseldonusum.com\/index.php\/insaat-taahhut\/","title":{"rendered":"\u0130n\u015faat \u2013 Taahh\u00fct"},"content":{"rendered":"<p><strong><img fetchpriority=\"high\" decoding=\"async\" class=\"wp-image-116 size-full aligncenter\" src=\"https:\/\/www.analizspor.com.tr\/wp-content\/uploads\/2024\/05\/ins.jpg\" alt=\"\" width=\"750\" height=\"422\" \/><\/strong><\/p>\n<p><strong>Analiz Kentsel D\u00f6n\u00fc\u015f\u00fcm,<\/strong> ya\u015fam alanlar\u0131 ve spor mek\u00e2nlar\u0131 konusunda uzman mimarlar\u0131 ile iste\u011finize uygun \u00f6zel tasarlanm\u0131\u015f, en kullan\u0131\u015fl\u0131 ve konforlu mekanlar\u0131n projelendirmesini yaparak anahtar teslimi in\u015faat taahh\u00fct i\u015flerini yapmaktad\u0131r.<\/p>\n<h2><strong>&#8220;Konforlu ve g\u00fcvenilir ya\u015fam alanlar\u0131 \u00fcretiyoruz.&#8221;<\/strong><\/h2>\n<p>1994 y\u0131l\u0131nda \u0130n\u015faat, altyap\u0131 ve taahh\u00fct alanlar\u0131nda faaliyet g\u00f6stermek amac\u0131yla kurulan <strong>Analiz Kentsel D\u00f6n\u00fc\u015f\u00fcm<\/strong> 100\u2019 \u00fcn \u00fczerinde ya\u015fam alan\u0131 ve spor tesisi projesini tamamlam\u0131\u015ft\u0131r. Konforlu ya\u015fam alanlar\u0131 ve spor kompleksleri in\u015faatlar\u0131n\u0131n yap\u0131m\u0131 ve peyzaj konular\u0131nda uzmanla\u015fan <strong>Analiz Kentsel D\u00f6n\u00fc\u015f\u00fcm,<\/strong> Mersin Uluslararas\u0131 At\u0131c\u0131l\u0131k Spor Kompleksi, Mersin Cimnastik Salonu, Kas\u0131mpa\u015fa Stad\u0131, Bah\u00e7elievler Hasan Do\u011fan ve Muhsin Yaz\u0131c\u0131o\u011flu Spor Kompleksleri in\u015faat\u0131 gibi bir\u00e7ok \u00f6nemli spor tesis projesini de tamamlam\u0131\u015ft\u0131r.<\/p>\n<p><strong>Analiz Kentsel D\u00f6n\u00fc\u015f\u00fcm,<\/strong> ba\u015fta konforlu ve g\u00fcvenli ya\u015fam alanlar\u0131 ile birlikte bir\u00e7ok spor sekt\u00f6r\u00fcne y\u00f6nelik yap\u0131 ve tesislerin in\u015faatlar\u0131 ba\u015fta olmak \u00fczere, bir dizi projeye imza atm\u0131\u015ft\u0131r. Yapt\u0131\u011f\u0131m\u0131z projeler bize referans olurken yapacaklar\u0131m\u0131z\u0131n da teminat\u0131d\u0131r.<\/p>\n<p>Bitirdi\u011fimiz projeleri g\u00f6rmek i\u00e7in <a href=\"https:\/\/www.analizkentseldonusum.com\/index.php\/referanslar\/\"><strong>TIKLAYINIZ.<\/strong><\/a><\/p>\n","protected":false},"excerpt":{"rendered":"<p>Analiz Kentsel D\u00f6n\u00fc\u015f\u00fcm, ya\u015fam alanlar\u0131 ve spor mek\u00e2nlar\u0131 konusunda uzman mimarlar\u0131 ile iste\u011finize uygun \u00f6zel tasarlanm\u0131\u015f, en kullan\u0131\u015fl\u0131 ve konforlu mekanlar\u0131n projelendirmesini yaparak anahtar teslimi in\u015faat taahh\u00fct i\u015flerini yapmaktad\u0131r. &#8220;Konforlu ve g\u00fcvenilir ya\u015fam alanlar\u0131 \u00fcretiyoruz.&#8221; 1994 y\u0131l\u0131nda \u0130n\u015faat, altyap\u0131 ve taahh\u00fct alanlar\u0131nda faaliyet g\u00f6stermek amac\u0131yla kurulan Analiz Kentsel D\u00f6n\u00fc\u015f\u00fcm 100\u2019 \u00fcn \u00fczerinde ya\u015fam alan\u0131 ve spor tesisi projesini tamamlam\u0131\u015ft\u0131r. Konforlu ya\u015fam alanlar\u0131 ve spor kompleksleri in\u015faatlar\u0131n\u0131n yap\u0131m\u0131 ve peyzaj konular\u0131nda uzmanla\u015fan Analiz Kentsel D\u00f6n\u00fc\u015f\u00fcm, Mersin Uluslararas\u0131 At\u0131c\u0131l\u0131k Spor Kompleksi, Mersin Cimnastik Salonu, Kas\u0131mpa\u015fa Stad\u0131, Bah\u00e7elievler Hasan Do\u011fan ve Muhsin Yaz\u0131c\u0131o\u011flu Spor Kompleksleri in\u015faat\u0131 gibi bir\u00e7ok \u00f6nemli spor tesis projesini de&#8230; <\/p>\n","protected":false},"author":1,"featured_media":0,"parent":0,"menu_order":0,"comment_status":"closed","ping_status":"closed","template":"template-parts\/template-full-width.php","meta":{"_joinchat":[],"footnotes":""},"class_list":["post-1895","page","type-page","status-publish","hentry"],"_links":{"self":[{"href":"https:\/\/www.analizkentseldonusum.com\/index.php\/wp-json\/wp\/v2\/pages\/1895","targetHints":{"allow":["GET"]}}],"collection":[{"href":"https:\/\/www.analizkentseldonusum.com\/index.php\/wp-json\/wp\/v2\/pages"}],"about":[{"href":"https:\/\/www.analizkentseldonusum.com\/index.php\/wp-json\/wp\/v2\/types\/page"}],"author":[{"embeddable":true,"href":"https:\/\/www.analizkentseldonusum.com\/index.php\/wp-json\/wp\/v2\/users\/1"}],"replies":[{"embeddable":true,"href":"https:\/\/www.analizkentseldonusum.com\/index.php\/wp-json\/wp\/v2\/comments?post=1895"}],"version-history":[{"count":4,"href":"https:\/\/www.analizkentseldonusum.com\/index.php\/wp-json\/wp\/v2\/pages\/1895\/revisions"}],"predecessor-version":[{"id":2014,"href":"https:\/\/www.analizkentseldonusum.com\/index.php\/wp-json\/wp\/v2\/pages\/1895\/revisions\/2014"}],"wp:attachment":[{"href":"https:\/\/www.analizkentseldonusum.com\/index.php\/wp-json\/wp\/v2\/media?parent=1895"}],"curies":[{"name":"wp","href":"https:\/\/api.w.org\/{rel}","templated":true}]}}