{"id":1897,"date":"2025-07-27T14:32:51","date_gmt":"2025-07-27T14:32:51","guid":{"rendered":"https:\/\/www.analizkentseldonusum.com\/?page_id=1897"},"modified":"2025-07-28T14:54:29","modified_gmt":"2025-07-28T14:54:29","slug":"bakim-ve-onarim","status":"publish","type":"page","link":"https:\/\/www.analizkentseldonusum.com\/index.php\/bakim-ve-onarim\/","title":{"rendered":"Bak\u0131m ve Onar\u0131m"},"content":{"rendered":"<p><img fetchpriority=\"high\" decoding=\"async\" class=\"aligncenter wp-image-123 size-full\" src=\"https:\/\/www.analizspor.com.tr\/wp-content\/uploads\/2024\/05\/bakim.jpg\" alt=\"\" width=\"800\" height=\"444\" \/><\/p>\n<p><strong>Analiz Kentsel D\u00f6n\u00fc\u015f\u00fcm,<\/strong> 30 y\u0131ld\u0131r sekt\u00f6rde kazand\u0131\u011f\u0131 bilgi birikimleri ile siz de\u011ferli m\u00fc\u015fterilerimize ya\u015fam alanlar\u0131n\u0131n d\u0131\u015f\u0131nda spor mek\u00e2nlar\u0131 tasar\u0131m\u0131 konusunda dan\u0131\u015fmanl\u0131k, in\u015faat ve bak\u0131m hizmeti sunmaktad\u0131r.<\/p>\n<p>Spor mek\u00e2nlar\u0131 ve burada kulland\u0131\u011f\u0131n\u0131z ekipmanlar kullan\u0131mdan ve hava \u015fartlar\u0131ndan dolay\u0131 zamanla a\u015f\u0131n\u0131r veya ar\u0131zalanabilir. Analiz Kentsel D\u00f6n\u00fc\u015f\u00fcm olarak uzman bak\u0131m ve onar\u0131m ekibimiz ile spor mekanlar\u0131n\u0131z\u0131n daha uzun \u00f6m\u00fcrl\u00fc kullan\u0131lmas\u0131 i\u00e7in gerekli bak\u0131m ve onar\u0131m hizmetini sunmaktay\u0131z.<\/p>\n<p>F\u0130FA\u2019n\u0131n onaylad\u0131\u011f\u0131 bak\u0131m makinalar\u0131m\u0131z ile sentetik futbol sahalar\u0131n\u0131n bak\u0131mlar\u0131n\u0131 yaparak, kullan\u0131lmas\u0131 m\u00fcmk\u00fcn olmayan sahalar\u0131 bile en az maliyetle tekrar kullan\u0131ma kazand\u0131rmaktay\u0131z. B\u00f6ylelikle \u00fclke ekonomisine katma de\u011fer sa\u011fl\u0131yoruz.<\/p>\n<p>Firmam\u0131z y\u00fczme havuzlar\u0131n\u0131n bak\u0131mlar\u0131nda da \u00e7al\u0131\u015fmaktad\u0131r. Bak\u0131m\u0131 yap\u0131lan y\u00fczme havuzlar\u0131n\u0131n hijyen \u015fartlar\u0131n\u0131 sa\u011flad\u0131\u011f\u0131 ve mavi bayrak ald\u0131\u011f\u0131 g\u00f6r\u00fclmektedir.<\/p>\n<p>Binalar\u0131n su izolasyonu konusunda garantili hizmet vermekteyiz.<\/p>\n<p>Siz de <strong>Analiz Kentsel D\u00f6n\u00fc\u015f\u00fcm<\/strong>\u2019 dan spor mekanlar\u0131n\u0131z\u0131n uzun s\u00fcre sorunsuz hizmet vermesi i\u00e7in bak\u0131m ve onar\u0131m hizmeti almak istiyorsan\u0131z bizimle ileti\u015fime ge\u00e7ebilirsiniz.<\/p>\n","protected":false},"excerpt":{"rendered":"<p>Analiz Kentsel D\u00f6n\u00fc\u015f\u00fcm, 30 y\u0131ld\u0131r sekt\u00f6rde kazand\u0131\u011f\u0131 bilgi birikimleri ile siz de\u011ferli m\u00fc\u015fterilerimize ya\u015fam alanlar\u0131n\u0131n d\u0131\u015f\u0131nda spor mek\u00e2nlar\u0131 tasar\u0131m\u0131 konusunda dan\u0131\u015fmanl\u0131k, in\u015faat ve bak\u0131m hizmeti sunmaktad\u0131r. Spor mek\u00e2nlar\u0131 ve burada kulland\u0131\u011f\u0131n\u0131z ekipmanlar kullan\u0131mdan ve hava \u015fartlar\u0131ndan dolay\u0131 zamanla a\u015f\u0131n\u0131r veya ar\u0131zalanabilir. Analiz Kentsel D\u00f6n\u00fc\u015f\u00fcm olarak uzman bak\u0131m ve onar\u0131m ekibimiz ile spor mekanlar\u0131n\u0131z\u0131n daha uzun \u00f6m\u00fcrl\u00fc kullan\u0131lmas\u0131 i\u00e7in gerekli bak\u0131m ve onar\u0131m hizmetini sunmaktay\u0131z. F\u0130FA\u2019n\u0131n onaylad\u0131\u011f\u0131 bak\u0131m makinalar\u0131m\u0131z ile sentetik futbol sahalar\u0131n\u0131n bak\u0131mlar\u0131n\u0131 yaparak, kullan\u0131lmas\u0131 m\u00fcmk\u00fcn olmayan sahalar\u0131 bile en az maliyetle tekrar kullan\u0131ma kazand\u0131rmaktay\u0131z. B\u00f6ylelikle \u00fclke ekonomisine katma de\u011fer sa\u011fl\u0131yoruz. Firmam\u0131z y\u00fczme havuzlar\u0131n\u0131n bak\u0131mlar\u0131nda da \u00e7al\u0131\u015fmaktad\u0131r. Bak\u0131m\u0131 yap\u0131lan y\u00fczme&#8230; <\/p>\n","protected":false},"author":1,"featured_media":0,"parent":0,"menu_order":0,"comment_status":"closed","ping_status":"closed","template":"template-parts\/template-full-width.php","meta":{"_joinchat":[],"footnotes":""},"class_list":["post-1897","page","type-page","status-publish","hentry"],"_links":{"self":[{"href":"https:\/\/www.analizkentseldonusum.com\/index.php\/wp-json\/wp\/v2\/pages\/1897","targetHints":{"allow":["GET"]}}],"collection":[{"href":"https:\/\/www.analizkentseldonusum.com\/index.php\/wp-json\/wp\/v2\/pages"}],"about":[{"href":"https:\/\/www.analizkentseldonusum.com\/index.php\/wp-json\/wp\/v2\/types\/page"}],"author":[{"embeddable":true,"href":"https:\/\/www.analizkentseldonusum.com\/index.php\/wp-json\/wp\/v2\/users\/1"}],"replies":[{"embeddable":true,"href":"https:\/\/www.analizkentseldonusum.com\/index.php\/wp-json\/wp\/v2\/comments?post=1897"}],"version-history":[{"count":4,"href":"https:\/\/www.analizkentseldonusum.com\/index.php\/wp-json\/wp\/v2\/pages\/1897\/revisions"}],"predecessor-version":[{"id":2016,"href":"https:\/\/www.analizkentseldonusum.com\/index.php\/wp-json\/wp\/v2\/pages\/1897\/revisions\/2016"}],"wp:attachment":[{"href":"https:\/\/www.analizkentseldonusum.com\/index.php\/wp-json\/wp\/v2\/media?parent=1897"}],"curies":[{"name":"wp","href":"https:\/\/api.w.org\/{rel}","templated":true}]}}