{"id":2022,"date":"2025-07-29T17:33:57","date_gmt":"2025-07-29T17:33:57","guid":{"rendered":"https:\/\/www.analizkentseldonusum.com\/?page_id=2022"},"modified":"2025-07-30T15:05:48","modified_gmt":"2025-07-30T15:05:48","slug":"kentsel-donusum","status":"publish","type":"page","link":"https:\/\/www.analizkentseldonusum.com\/index.php\/kentsel-donusum\/","title":{"rendered":"Kentsel D\u00f6n\u00fc\u015f\u00fcm"},"content":{"rendered":"<p>T\u00fcrkiye\u2019deki riskli yap\u0131 sto\u011funu tespit ederek, yenilenmesi i\u00e7in topyek\u00fcn bir seferberlik ba\u015flad\u0131. Sizde Analiz Kentsel D\u00f6n\u00fc\u015f\u00fcm ve Emlak ile binalar\u0131n\u0131z\u0131 yenileyip modern, g\u00fcvenli ve sa\u011flam konutlarda huzurla ya\u015fay\u0131n\u0131z.<\/p>\n<p>Bu F\u0131rsattan Sizde Yararlanabilirsiniz\u2026<\/p>\n<p>Yeni deprem y\u00f6netmeli\u011fine g\u00f6re in\u015fa edilmi\u015f, gerekli zemin iyile\u015ftirmeleri yap\u0131lm\u0131\u015f, modern ve g\u00fcvenli yepyeni bir yuvan\u0131z\u0131n olmas\u0131n\u0131 istemezmisiniz?<\/p>\n<p>\u0130\u015fte Yol Haritas\u0131;<\/p>\n<p>Yap\u0131n\u0131n Risk De\u011ferlendirmesinin yap\u0131lmas\u0131. (Maliklerden herhangi birisinin ba\u015fvurusu yeterlidir.)<\/p>\n<p>\u00c7evre \u015eehircilik \u0130l M\u00fcd\u00fcrl\u00fc\u011f\u00fc\u2019n\u00fcn onay\u0131n\u0131 m\u00fcteakip \u201cRiskli\u201d oldu\u011fu tespit edilen yap\u0131, Tapu\u2019ya \u015ferh edilerek hakk\u0131nda y\u0131k\u0131m karar\u0131 al\u0131nacakt\u0131r. Yap\u0131, 60 g\u00fcn i\u00e7inde bo\u015falt\u0131larak y\u0131k\u0131lmal\u0131d\u0131r.<\/p>\n<p>Kat Maliklerinin 2\/3 oran\u0131nda kat\u0131l\u0131m\u0131yla al\u0131nacak kararla, yap\u0131n\u0131n yeniden yap\u0131m\u0131 i\u00e7in M\u00fcteahhit firma (Analiz Kentsel D\u00f6n\u00fc\u015f\u00fcm ve Emlak) ile s\u00f6zle\u015fme imzalanacakt\u0131r.<\/p>\n<p>Karara kat\u0131lmayan maliklerin hisseleri, SPK onayl\u0131 bir Ekspertiz firmas\u0131n\u0131n yapaca\u011f\u0131 de\u011ferlendirme do\u011frultusunda \u00f6nce di\u011fer malikler aras\u0131nda a\u00e7\u0131k artt\u0131rma ile sat\u0131\u015fa \u00e7\u0131kacakt\u0131r: Sat\u0131\u015f ger\u00e7ekle\u015fmezse, Bakanl\u0131k taraf\u0131ndan kamula\u015ft\u0131rma yolu ile bu hisseler al\u0131nacakt\u0131r.<\/p>\n<p>Kentsel D\u00f6n\u00fc\u015f\u00fcm yasas\u0131 \u00e7er\u00e7evesinde evinin y\u0131k\u0131m\u0131n\u0131 ger\u00e7ekle\u015ftirerek yeni konut yap\u0131m\u0131 i\u00e7in anla\u015fmaya varan malikler a\u015fa\u011f\u0131daki avantajlardan faydalana bileceklerdir:<\/p>\n<p>\u2022 Ayl\u0131k 8.000 TL (En \u00e7ok 18 ay kira yard\u0131m\u0131)<\/p>\n<p>\u2022 Ta\u015f\u0131nma Bedeli 125.000 TL<\/p>\n<p>\u2022 Hibe 875.000 TL<\/p>\n<p>\u2022 Kredi 875.000 TL (Krediyi in\u015faat ruhsat\u0131 ald\u0131ktan sonra iki y\u0131l sonra \u00f6demeye ba\u015flan\u0131yor.)<\/p>\n<p>\u2022 Konut br\u00fct alan\u0131na g\u00f6re 60 ile 84 ay aras\u0131nda vadeli, 2 y\u0131l \u00f6demesiz s\u00fcreli, y\u0131ll\u0131k %4 faiz oran\u0131 ile kredi kullanma \u015fans\u0131. (Ancak hem kira yard\u0131m\u0131, hem de indirimli faiz oran\u0131 imkan\u0131 ayn\u0131 anda kullan\u0131lam\u0131yor.)<\/p>\n<p>\u2022 \u0130mar durumuna g\u00f6re ilave in\u015faat hakk\u0131 kazan\u0131mlar\u0131 ara\u015ft\u0131r\u0131larak, yeni konuta sahip olurken \u00f6denecek masraf \u00e7ok azalt\u0131labilir.<\/p>\n<p>\u2022 Binan\u0131z eski olmas\u0131na ra\u011fmen \u015fehrin merkezinde ve yeni konutlar\u0131n y\u00fcksek fiyatla sat\u0131ld\u0131\u011f\u0131 lokasyonlar da yer al\u0131yorsa, yeniden yap\u0131m masraflar\u0131na ra\u011fmen, bitmi\u015f konut fiyatlar\u0131 dikkate al\u0131nd\u0131\u011f\u0131nda maddi olarak ciddi kazan\u00e7 sa\u011flanacakt\u0131r.<\/p>\n<p>Kentsel d\u00f6n\u00fc\u015f\u00fcm yasas\u0131ndan faydalanmak istemeyen riskli yap\u0131 maliklerinin u\u011framas\u0131 muhtemel zararlar da a\u015fa\u011f\u0131da belirtilmi\u015ftir.<\/p>\n<p>\u2022 Can g\u00fcvenli\u011fi olmayan, eski binalar\u0131nda oturmay\u0131 g\u00f6ze alm\u0131\u015f olacaklard\u0131r.<\/p>\n<p>\u2022 Kamula\u015ft\u0131rma sonucu, maliki olduklar\u0131 ba\u011f\u0131ms\u0131z b\u00f6l\u00fcm\u00fcn de\u011ferinin alt\u0131nda sat\u0131lma riski olduk\u00e7a y\u00fcksektir.<\/p>\n<p>\u2022 Yeni bir konut elde edilmesi sonucu, maddi kazan\u00e7 elde etmekten feragat ermi\u015f olacaklard\u0131r.<\/p>\n<p>Yasa; Riskli yap\u0131 sto\u011fu yerine, g\u00fcvenli yap\u0131lar\u0131n in\u015fa edilmesini zorunlu k\u0131l\u0131p buna imkan sa\u011flayacak deste\u011fi de sa\u011flayarak b\u00fcy\u00fck bir imkan sunmaktad\u0131r.<\/p>\n<p>Detayl\u0131 bilgi almak, Modern ve Kaliteli bir yap\u0131ya sahip olmak i\u00e7in Bizimle \u0130rtibata Ge\u00e7iniz&#8230;<\/p>\n","protected":false},"excerpt":{"rendered":"<p>T\u00fcrkiye\u2019deki riskli yap\u0131 sto\u011funu tespit ederek, yenilenmesi i\u00e7in topyek\u00fcn bir seferberlik ba\u015flad\u0131. Sizde Analiz Kentsel D\u00f6n\u00fc\u015f\u00fcm ve Emlak ile binalar\u0131n\u0131z\u0131 yenileyip modern, g\u00fcvenli ve sa\u011flam konutlarda huzurla ya\u015fay\u0131n\u0131z. Bu F\u0131rsattan Sizde Yararlanabilirsiniz\u2026 Yeni deprem y\u00f6netmeli\u011fine g\u00f6re in\u015fa edilmi\u015f, gerekli zemin iyile\u015ftirmeleri yap\u0131lm\u0131\u015f, modern ve g\u00fcvenli yepyeni bir yuvan\u0131z\u0131n olmas\u0131n\u0131 istemezmisiniz? \u0130\u015fte Yol Haritas\u0131; Yap\u0131n\u0131n Risk De\u011ferlendirmesinin yap\u0131lmas\u0131. (Maliklerden herhangi birisinin ba\u015fvurusu yeterlidir.) \u00c7evre \u015eehircilik \u0130l M\u00fcd\u00fcrl\u00fc\u011f\u00fc\u2019n\u00fcn onay\u0131n\u0131 m\u00fcteakip \u201cRiskli\u201d oldu\u011fu tespit edilen yap\u0131, Tapu\u2019ya \u015ferh edilerek hakk\u0131nda y\u0131k\u0131m karar\u0131 al\u0131nacakt\u0131r. Yap\u0131, 60 g\u00fcn i\u00e7inde bo\u015falt\u0131larak y\u0131k\u0131lmal\u0131d\u0131r. Kat Maliklerinin 2\/3 oran\u0131nda kat\u0131l\u0131m\u0131yla al\u0131nacak kararla, yap\u0131n\u0131n yeniden yap\u0131m\u0131 i\u00e7in M\u00fcteahhit firma (Analiz&#8230; <\/p>\n","protected":false},"author":1,"featured_media":0,"parent":0,"menu_order":0,"comment_status":"closed","ping_status":"closed","template":"template-parts\/template-full-width.php","meta":{"_joinchat":[],"footnotes":""},"class_list":["post-2022","page","type-page","status-publish","hentry"],"_links":{"self":[{"href":"https:\/\/www.analizkentseldonusum.com\/index.php\/wp-json\/wp\/v2\/pages\/2022","targetHints":{"allow":["GET"]}}],"collection":[{"href":"https:\/\/www.analizkentseldonusum.com\/index.php\/wp-json\/wp\/v2\/pages"}],"about":[{"href":"https:\/\/www.analizkentseldonusum.com\/index.php\/wp-json\/wp\/v2\/types\/page"}],"author":[{"embeddable":true,"href":"https:\/\/www.analizkentseldonusum.com\/index.php\/wp-json\/wp\/v2\/users\/1"}],"replies":[{"embeddable":true,"href":"https:\/\/www.analizkentseldonusum.com\/index.php\/wp-json\/wp\/v2\/comments?post=2022"}],"version-history":[{"count":3,"href":"https:\/\/www.analizkentseldonusum.com\/index.php\/wp-json\/wp\/v2\/pages\/2022\/revisions"}],"predecessor-version":[{"id":2027,"href":"https:\/\/www.analizkentseldonusum.com\/index.php\/wp-json\/wp\/v2\/pages\/2022\/revisions\/2027"}],"wp:attachment":[{"href":"https:\/\/www.analizkentseldonusum.com\/index.php\/wp-json\/wp\/v2\/media?parent=2022"}],"curies":[{"name":"wp","href":"https:\/\/api.w.org\/{rel}","templated":true}]}}